{"id":3614,"date":"2024-08-30T12:52:42","date_gmt":"2024-08-30T15:52:42","guid":{"rendered":"https:\/\/consultoriakronos.com.br\/?page_id=3614"},"modified":"2025-03-19T11:56:22","modified_gmt":"2025-03-19T14:56:22","slug":"reducao-de-emprestimos-pessoais","status":"publish","type":"page","link":"https:\/\/consultoriakronos.com.br\/index.php\/reducao-de-emprestimos-pessoais\/","title":{"rendered":"Redu\u00e7\u00e3o de Empr\u00e9stimos Pessoais"},"content":{"rendered":"\t\t<div data-elementor-type=\"wp-page\" data-elementor-id=\"3614\" class=\"elementor elementor-3614\" data-elementor-post-type=\"page\">\n\t\t\t\t\t\t<section class=\"elementor-section elementor-top-section elementor-element elementor-element-2dde7dd elementor-section-boxed elementor-section-height-default elementor-section-height-default\" data-id=\"2dde7dd\" data-element_type=\"section\" data-e-type=\"section\" data-settings=\"{&quot;background_background&quot;:&quot;classic&quot;}\">\n\t\t\t\t\t\t\t<div class=\"elementor-background-overlay\"><\/div>\n\t\t\t\t\t\t\t<div class=\"elementor-container elementor-column-gap-default\">\n\t\t\t\t\t<div class=\"elementor-column elementor-col-100 elementor-top-column elementor-element elementor-element-1deed4b\" data-id=\"1deed4b\" data-element_type=\"column\" data-e-type=\"column\">\n\t\t\t<div class=\"elementor-widget-wrap\">\n\t\t\t\t\t\t\t<\/div>\n\t\t<\/div>\n\t\t\t\t\t<\/div>\n\t\t<\/section>\n\t\t\t\t<section class=\"elementor-section elementor-top-section elementor-element elementor-element-2b81d32 elementor-section-boxed elementor-section-height-default elementor-section-height-default\" data-id=\"2b81d32\" data-element_type=\"section\" data-e-type=\"section\">\n\t\t\t\t\t\t<div class=\"elementor-container elementor-column-gap-default\">\n\t\t\t\t\t<div class=\"elementor-column elementor-col-100 elementor-top-column elementor-element elementor-element-a143a04\" data-id=\"a143a04\" data-element_type=\"column\" data-e-type=\"column\">\n\t\t\t<div class=\"elementor-widget-wrap elementor-element-populated\">\n\t\t\t\t\t\t<section class=\"elementor-section elementor-inner-section elementor-element elementor-element-88870a0 elementor-section-boxed elementor-section-height-default elementor-section-height-default\" data-id=\"88870a0\" data-element_type=\"section\" data-e-type=\"section\">\n\t\t\t\t\t\t<div class=\"elementor-container elementor-column-gap-default\">\n\t\t\t\t\t<div class=\"elementor-column elementor-col-100 elementor-inner-column elementor-element elementor-element-3986ca2\" data-id=\"3986ca2\" data-element_type=\"column\" data-e-type=\"column\">\n\t\t\t<div class=\"elementor-widget-wrap elementor-element-populated\">\n\t\t\t\t\t\t<div class=\"elementor-element elementor-element-54a6e3c elementor-widget elementor-widget-heading\" data-id=\"54a6e3c\" data-element_type=\"widget\" data-e-type=\"widget\" data-widget_type=\"heading.default\">\n\t\t\t\t<div class=\"elementor-widget-container\">\n\t\t\t\t\t<h2 class=\"elementor-heading-title elementor-size-default\">Nossos Servi\u00e7os<\/h2>\t\t\t\t<\/div>\n\t\t\t\t<\/div>\n\t\t\t\t<div class=\"elementor-element elementor-element-dca8d76 elementor-widget elementor-widget-heading\" data-id=\"dca8d76\" data-element_type=\"widget\" data-e-type=\"widget\" data-widget_type=\"heading.default\">\n\t\t\t\t<div class=\"elementor-widget-container\">\n\t\t\t\t\t<h2 class=\"elementor-heading-title elementor-size-default\">Redu\u00e7\u00e3o de <b>Empr\u00e9stimos Pessoais<\/b><\/h2>\t\t\t\t<\/div>\n\t\t\t\t<\/div>\n\t\t\t\t<div class=\"elementor-element elementor-element-0db23f0 elementor-widget elementor-widget-heading\" data-id=\"0db23f0\" data-element_type=\"widget\" data-e-type=\"widget\" data-widget_type=\"heading.default\">\n\t\t\t\t<div class=\"elementor-widget-container\">\n\t\t\t\t\t<h2 class=\"elementor-heading-title elementor-size-default\">Como fugir das armadilhas da cobran\u00e7a abusiva de juros em empr\u00e9stimos pessoais?\n<\/h2>\t\t\t\t<\/div>\n\t\t\t\t<\/div>\n\t\t\t\t<div class=\"elementor-element elementor-element-5555b90 elementor-widget elementor-widget-heading\" data-id=\"5555b90\" data-element_type=\"widget\" data-e-type=\"widget\" data-widget_type=\"heading.default\">\n\t\t\t\t<div class=\"elementor-widget-container\">\n\t\t\t\t\t<h2 class=\"elementor-heading-title elementor-size-default\">A taxa m\u00e9dia de juros cobrados em empr\u00e9stimos pessoais s\u00f3 aumenta ano ap\u00f3s ano. Este ano, a taxa m\u00e9dia mensal de juros de empr\u00e9stimos pessoais, segundo o Bacen, gira em torno de 7% a.m.\n<\/h2>\t\t\t\t<\/div>\n\t\t\t\t<\/div>\n\t\t\t\t<div class=\"elementor-element elementor-element-5bd8278 elementor-widget elementor-widget-heading\" data-id=\"5bd8278\" data-element_type=\"widget\" data-e-type=\"widget\" data-widget_type=\"heading.default\">\n\t\t\t\t<div class=\"elementor-widget-container\">\n\t\t\t\t\t<h2 class=\"elementor-heading-title elementor-size-default\">Em meio \u00e0 crise financeira, os apelos para o consumo t\u00eam se tornado cada vez mais agressivos, seduzindo consumidores com ofertas atrativas que mascaram as reais condi\u00e7\u00f5es de cr\u00e9dito. Isso leva muitos a recorrerem a empr\u00e9stimos pessoais para manter o padr\u00e3o de vida, muitas vezes sem considerar as altas taxas de juros embutidas.\n<\/h2>\t\t\t\t<\/div>\n\t\t\t\t<\/div>\n\t\t\t\t<div class=\"elementor-element elementor-element-2bb2db9 elementor-widget elementor-widget-heading\" data-id=\"2bb2db9\" data-element_type=\"widget\" data-e-type=\"widget\" data-widget_type=\"heading.default\">\n\t\t\t\t<div class=\"elementor-widget-container\">\n\t\t\t\t\t<h2 class=\"elementor-heading-title elementor-size-default\">Quando a tomada de empr\u00e9stimo pessoal torna-se inevit\u00e1vel, \u00e9 crucial fazer uma ampla pesquisa de mercado para conseguir taxas mais atrativas e amenizar a cobran\u00e7a abusiva de juros. Pagar as parcelas em dia \u00e9 essencial para evitar juros de mora exorbitantes, que s\u00e3o frequentemente impostos pelas institui\u00e7\u00f5es financeiras. No entanto, quando h\u00e1 cobran\u00e7a abusiva de juros, continuar a pagar as parcelas significa concordar com essa pr\u00e1tica injusta.\n<\/h2>\t\t\t\t<\/div>\n\t\t\t\t<\/div>\n\t\t\t\t\t<\/div>\n\t\t<\/div>\n\t\t\t\t\t<\/div>\n\t\t<\/section>\n\t\t\t\t\t<\/div>\n\t\t<\/div>\n\t\t\t\t\t<\/div>\n\t\t<\/section>\n\t\t\t\t<section class=\"elementor-section elementor-top-section elementor-element elementor-element-8166fc8 elementor-section-boxed elementor-section-height-default elementor-section-height-default\" data-id=\"8166fc8\" data-element_type=\"section\" data-e-type=\"section\" data-settings=\"{&quot;background_background&quot;:&quot;classic&quot;}\">\n\t\t\t\t\t\t<div class=\"elementor-container elementor-column-gap-default\">\n\t\t\t\t\t<div class=\"elementor-column elementor-col-100 elementor-top-column elementor-element elementor-element-a73daa5\" data-id=\"a73daa5\" data-element_type=\"column\" data-e-type=\"column\">\n\t\t\t<div class=\"elementor-widget-wrap elementor-element-populated\">\n\t\t\t\t\t\t<section class=\"elementor-section elementor-inner-section elementor-element elementor-element-09446eb elementor-reverse-mobile elementor-section-boxed elementor-section-height-default elementor-section-height-default\" data-id=\"09446eb\" data-element_type=\"section\" data-e-type=\"section\">\n\t\t\t\t\t\t<div class=\"elementor-container elementor-column-gap-default\">\n\t\t\t\t\t<div class=\"elementor-column elementor-col-50 elementor-inner-column elementor-element elementor-element-471f0bd\" data-id=\"471f0bd\" data-element_type=\"column\" data-e-type=\"column\">\n\t\t\t<div class=\"elementor-widget-wrap elementor-element-populated\">\n\t\t\t\t\t\t<div class=\"elementor-element elementor-element-203064e elementor-widget elementor-widget-heading\" data-id=\"203064e\" data-element_type=\"widget\" data-e-type=\"widget\" data-widget_type=\"heading.default\">\n\t\t\t\t<div class=\"elementor-widget-container\">\n\t\t\t\t\t<h2 class=\"elementor-heading-title elementor-size-default\">Como saber se <b>voc\u00ea est\u00e1 sendo lesado por juros abusivos?<\/b><\/h2>\t\t\t\t<\/div>\n\t\t\t\t<\/div>\n\t\t\t\t<div class=\"elementor-element elementor-element-6959501 elementor-widget elementor-widget-heading\" data-id=\"6959501\" data-element_type=\"widget\" data-e-type=\"widget\" data-widget_type=\"heading.default\">\n\t\t\t\t<div class=\"elementor-widget-container\">\n\t\t\t\t\t<h2 class=\"elementor-heading-title elementor-size-default\">Uma an\u00e1lise criteriosa dos contratos de financiamento deve ser feita para detectar cobran\u00e7as ilegais e abusivas. Identificar tarifas embutidas e recalcular as presta\u00e7\u00f5es usando m\u00e9todos de juros simples s\u00e3o algumas das pr\u00e1ticas que a Kronos Consultoria utiliza para chegar ao valor correto que deveria ter sido cobrado no contrato.<\/h2>\t\t\t\t<\/div>\n\t\t\t\t<\/div>\n\t\t\t\t<div class=\"elementor-element elementor-element-5940581 elementor-widget elementor-widget-heading\" data-id=\"5940581\" data-element_type=\"widget\" data-e-type=\"widget\" data-widget_type=\"heading.default\">\n\t\t\t\t<div class=\"elementor-widget-container\">\n\t\t\t\t\t<h2 class=\"elementor-heading-title elementor-size-default\">Nossa miss\u00e3o \u00e9 devolver a tranquilidade financeira aos nossos clientes. Com uma equipe altamente treinada, realizamos o C\u00e1lculo Revisional para confirmar a suspeita de cobran\u00e7a abusiva de juros. Ap\u00f3s essa an\u00e1lise t\u00e9cnica, identificamos todos os preju\u00edzos sofridos e os negociamos de forma extrajudicial para que sejam devolvidos ou amenizados.\n\n<\/h2>\t\t\t\t<\/div>\n\t\t\t\t<\/div>\n\t\t\t\t<div class=\"elementor-element elementor-element-8d6e54e elementor-widget elementor-widget-heading\" data-id=\"8d6e54e\" data-element_type=\"widget\" data-e-type=\"widget\" data-widget_type=\"heading.default\">\n\t\t\t\t<div class=\"elementor-widget-container\">\n\t\t\t\t\t<h2 class=\"elementor-heading-title elementor-size-default\">Juros abusivos em empr\u00e9stimos pessoais devem ser combatidos, e cabe ao consumidor lutar pelos seus direitos. Se voc\u00ea possui um empr\u00e9stimo pessoal e suspeita que est\u00e1 sendo lesado, fale conosco.\n\n<\/h2>\t\t\t\t<\/div>\n\t\t\t\t<\/div>\n\t\t\t\t<div class=\"elementor-element elementor-element-5db48bd elementor-widget elementor-widget-heading\" data-id=\"5db48bd\" data-element_type=\"widget\" data-e-type=\"widget\" data-widget_type=\"heading.default\">\n\t\t\t\t<div class=\"elementor-widget-container\">\n\t\t\t\t\t<h2 class=\"elementor-heading-title elementor-size-default\">Atrav\u00e9s do C\u00e1lculo Pr\u00e9vio Online, detectamos a cobran\u00e7a de juros abusivos. Preencha nosso formul\u00e1rio abaixo, e um consultor t\u00e9cnico especializado entrar\u00e1 em contato para esclarecer todos os pontos e verificar, gratuitamente, se o seu contrato possui ou n\u00e3o cobran\u00e7as abusivas.\n<\/h2>\t\t\t\t<\/div>\n\t\t\t\t<\/div>\n\t\t\t\t\t<\/div>\n\t\t<\/div>\n\t\t\t\t<div class=\"elementor-column elementor-col-50 elementor-inner-column elementor-element elementor-element-7bc197e\" data-id=\"7bc197e\" data-element_type=\"column\" data-e-type=\"column\">\n\t\t\t<div class=\"elementor-widget-wrap elementor-element-populated\">\n\t\t\t\t\t\t<div class=\"elementor-element elementor-element-3532b00 elementor-widget elementor-widget-image\" data-id=\"3532b00\" data-element_type=\"widget\" data-e-type=\"widget\" data-widget_type=\"image.default\">\n\t\t\t\t<div class=\"elementor-widget-container\">\n\t\t\t\t\t\t\t\t\t\t\t\t\t\t\t<img fetchpriority=\"high\" decoding=\"async\" width=\"815\" height=\"1024\" src=\"https:\/\/consultoriakronos.com.br\/wp-content\/uploads\/2024\/09\/Juros-815x1024.jpg\" class=\"attachment-large size-large wp-image-4068\" alt=\"\" srcset=\"https:\/\/consultoriakronos.com.br\/wp-content\/uploads\/2024\/09\/Juros-815x1024.jpg 815w, https:\/\/consultoriakronos.com.br\/wp-content\/uploads\/2024\/09\/Juros-239x300.jpg 239w, https:\/\/consultoriakronos.com.br\/wp-content\/uploads\/2024\/09\/Juros-768x964.jpg 768w, https:\/\/consultoriakronos.com.br\/wp-content\/uploads\/2024\/09\/Juros.jpg 1075w\" sizes=\"(max-width: 815px) 100vw, 815px\" \/>\t\t\t\t\t\t\t\t\t\t\t\t\t\t\t<\/div>\n\t\t\t\t<\/div>\n\t\t\t\t\t<\/div>\n\t\t<\/div>\n\t\t\t\t\t<\/div>\n\t\t<\/section>\n\t\t\t\t\t<\/div>\n\t\t<\/div>\n\t\t\t\t\t<\/div>\n\t\t<\/section>\n\t\t\t\t<section class=\"elementor-section elementor-top-section elementor-element elementor-element-a3ee59e elementor-section-boxed elementor-section-height-default elementor-section-height-default\" data-id=\"a3ee59e\" data-element_type=\"section\" data-e-type=\"section\">\n\t\t\t\t\t\t<div class=\"elementor-container elementor-column-gap-default\">\n\t\t\t\t\t<div class=\"elementor-column elementor-col-100 elementor-top-column elementor-element elementor-element-02d73d7\" data-id=\"02d73d7\" data-element_type=\"column\" data-e-type=\"column\">\n\t\t\t<div class=\"elementor-widget-wrap elementor-element-populated\">\n\t\t\t\t\t\t<section class=\"elementor-section elementor-inner-section elementor-element elementor-element-68fc326 elementor-section-boxed elementor-section-height-default elementor-section-height-default\" data-id=\"68fc326\" data-element_type=\"section\" data-e-type=\"section\">\n\t\t\t\t\t\t<div class=\"elementor-container elementor-column-gap-default\">\n\t\t\t\t\t<div class=\"elementor-column elementor-col-100 elementor-inner-column elementor-element elementor-element-f6d21b9\" data-id=\"f6d21b9\" data-element_type=\"column\" data-e-type=\"column\">\n\t\t\t<div class=\"elementor-widget-wrap elementor-element-populated\">\n\t\t\t\t\t\t<div class=\"elementor-element elementor-element-db67448 elementor-widget elementor-widget-heading\" data-id=\"db67448\" data-element_type=\"widget\" data-e-type=\"widget\" data-widget_type=\"heading.default\">\n\t\t\t\t<div class=\"elementor-widget-container\">\n\t\t\t\t\t<h2 class=\"elementor-heading-title elementor-size-default\">Como <b>evitar juros abusivos<\/b> em empr\u00e9stimos pessoais?\n<\/h2>\t\t\t\t<\/div>\n\t\t\t\t<\/div>\n\t\t\t\t<section class=\"elementor-section elementor-inner-section elementor-element elementor-element-ad21710 elementor-section-boxed elementor-section-height-default elementor-section-height-default\" data-id=\"ad21710\" data-element_type=\"section\" data-e-type=\"section\">\n\t\t\t\t\t\t<div class=\"elementor-container elementor-column-gap-default\">\n\t\t\t\t\t<div class=\"elementor-column elementor-col-50 elementor-inner-column elementor-element elementor-element-0af9daf\" data-id=\"0af9daf\" data-element_type=\"column\" data-e-type=\"column\">\n\t\t\t<div class=\"elementor-widget-wrap elementor-element-populated\">\n\t\t\t\t\t\t<div class=\"elementor-element elementor-element-946c2a6 elementor-widget elementor-widget-heading\" data-id=\"946c2a6\" data-element_type=\"widget\" data-e-type=\"widget\" data-widget_type=\"heading.default\">\n\t\t\t\t<div class=\"elementor-widget-container\">\n\t\t\t\t\t<h2 class=\"elementor-heading-title elementor-size-default\">A cobran\u00e7a de juros em empr\u00e9stimos pessoais, na maioria das vezes, \u00e9 feita de modo abusivo. Consumidores que se encontram nessa situa\u00e7\u00e3o devem buscar ajuda profissional para se livrar das armadilhas da cobran\u00e7a de juros sobre juros, conhecida como anatocismo. As institui\u00e7\u00f5es financeiras, que j\u00e1 s\u00e3o extremamente lucrativas, frequentemente aumentam seus ganhos explorando a cobran\u00e7a de juros abusivos, o que \u00e9 ilegal segundo o C\u00f3digo Civil, artigo 206.<\/h2>\t\t\t\t<\/div>\n\t\t\t\t<\/div>\n\t\t\t\t\t<\/div>\n\t\t<\/div>\n\t\t\t\t<div class=\"elementor-column elementor-col-50 elementor-inner-column elementor-element elementor-element-ffeec0c\" data-id=\"ffeec0c\" data-element_type=\"column\" data-e-type=\"column\">\n\t\t\t<div class=\"elementor-widget-wrap elementor-element-populated\">\n\t\t\t\t\t\t<div class=\"elementor-element elementor-element-0a2cfcc elementor-widget elementor-widget-heading\" data-id=\"0a2cfcc\" data-element_type=\"widget\" data-e-type=\"widget\" data-widget_type=\"heading.default\">\n\t\t\t\t<div class=\"elementor-widget-container\">\n\t\t\t\t\t<h2 class=\"elementor-heading-title elementor-size-default\">A Kronos Consultoria combate incessantemente essa pr\u00e1tica, al\u00e9m de outras armadilhas frequentemente encontradas em contratos de financiamento, especialmente em empr\u00e9stimos pessoais. \u00c9 comum a inser\u00e7\u00e3o de tarifas que n\u00e3o foram contratadas, o que encarece ainda mais a vida do consumidor, obrigando-o a fazer malabarismos para manter os pagamentos em dia.\n<\/h2>\t\t\t\t<\/div>\n\t\t\t\t<\/div>\n\t\t\t\t<div class=\"elementor-element elementor-element-ba6b317 elementor-widget elementor-widget-heading\" data-id=\"ba6b317\" data-element_type=\"widget\" data-e-type=\"widget\" data-widget_type=\"heading.default\">\n\t\t\t\t<div class=\"elementor-widget-container\">\n\t\t\t\t\t<h2 class=\"elementor-heading-title elementor-size-default\">Isso prejudica sua sa\u00fade financeira e sua qualidade de vida.<\/h2>\t\t\t\t<\/div>\n\t\t\t\t<\/div>\n\t\t\t\t\t<\/div>\n\t\t<\/div>\n\t\t\t\t\t<\/div>\n\t\t<\/section>\n\t\t\t\t\t<\/div>\n\t\t<\/div>\n\t\t\t\t\t<\/div>\n\t\t<\/section>\n\t\t\t\t<div class=\"elementor-element elementor-element-5d11bd5 elementor-align-center elementor-widget elementor-widget-button\" data-id=\"5d11bd5\" data-element_type=\"widget\" data-e-type=\"widget\" data-widget_type=\"button.default\">\n\t\t\t\t<div class=\"elementor-widget-container\">\n\t\t\t\t\t\t\t\t\t<div class=\"elementor-button-wrapper\">\n\t\t\t\t\t<a class=\"elementor-button elementor-button-link elementor-size-sm\" href=\"#elementor-action%3Aaction%3Dpopup%3Aopen%26settings%3DeyJpZCI6IjQyMzIiLCJ0b2dnbGUiOmZhbHNlfQ%3D%3D\">\n\t\t\t\t\t\t<span class=\"elementor-button-content-wrapper\">\n\t\t\t\t\t\t\t\t\t<span class=\"elementor-button-text\">Fa\u00e7a o c\u00e1lculo revisional gr\u00e1tis<\/span>\n\t\t\t\t\t<\/span>\n\t\t\t\t\t<\/a>\n\t\t\t\t<\/div>\n\t\t\t\t\t\t\t\t<\/div>\n\t\t\t\t<\/div>\n\t\t\t\t\t<\/div>\n\t\t<\/div>\n\t\t\t\t\t<\/div>\n\t\t<\/section>\n\t\t\t\t<\/div>\n\t\t","protected":false},"excerpt":{"rendered":"<p>Nossos Servi\u00e7os Redu\u00e7\u00e3o de Empr\u00e9stimos Pessoais Como fugir das armadilhas da cobran\u00e7a abusiva de juros em empr\u00e9stimos pessoais? A taxa m\u00e9dia de juros cobrados em empr\u00e9stimos pessoais s\u00f3 aumenta ano ap\u00f3s ano. Este ano, a taxa m\u00e9dia mensal de juros de empr\u00e9stimos pessoais, segundo o Bacen, gira em torno de 7% a.m. Em meio \u00e0 [&hellip;]<\/p>\n","protected":false},"author":1,"featured_media":0,"parent":0,"menu_order":0,"comment_status":"closed","ping_status":"closed","template":"elementor_header_footer","meta":{"site-sidebar-layout":"no-sidebar","site-content-layout":"","ast-site-content-layout":"full-width-container","site-content-style":"default","site-sidebar-style":"default","ast-global-header-display":"","ast-banner-title-visibility":"","ast-main-header-display":"","ast-hfb-above-header-display":"","ast-hfb-below-header-display":"","ast-hfb-mobile-header-display":"","site-post-title":"disabled","ast-breadcrumbs-content":"","ast-featured-img":"disabled","footer-sml-layout":"","ast-disable-related-posts":"","theme-transparent-header-meta":"","adv-header-id-meta":"","stick-header-meta":"","header-above-stick-meta":"","header-main-stick-meta":"","header-below-stick-meta":"","astra-migrate-meta-layouts":"default","ast-page-background-enabled":"default","ast-page-background-meta":{"desktop":{"background-color":"var(--ast-global-color-4)","background-image":"","background-repeat":"repeat","background-position":"center center","background-size":"auto","background-attachment":"scroll","background-type":"","background-media":"","overlay-type":"","overlay-color":"","overlay-opacity":"","overlay-gradient":""},"tablet":{"background-color":"","background-image":"","background-repeat":"repeat","background-position":"center center","background-size":"auto","background-attachment":"scroll","background-type":"","background-media":"","overlay-type":"","overlay-color":"","overlay-opacity":"","overlay-gradient":""},"mobile":{"background-color":"","background-image":"","background-repeat":"repeat","background-position":"center center","background-size":"auto","background-attachment":"scroll","background-type":"","background-media":"","overlay-type":"","overlay-color":"","overlay-opacity":"","overlay-gradient":""}},"ast-content-background-meta":{"desktop":{"background-color":"var(--ast-global-color-5)","background-image":"","background-repeat":"repeat","background-position":"center center","background-size":"auto","background-attachment":"scroll","background-type":"","background-media":"","overlay-type":"","overlay-color":"","overlay-opacity":"","overlay-gradient":""},"tablet":{"background-color":"var(--ast-global-color-5)","background-image":"","background-repeat":"repeat","background-position":"center center","background-size":"auto","background-attachment":"scroll","background-type":"","background-media":"","overlay-type":"","overlay-color":"","overlay-opacity":"","overlay-gradient":""},"mobile":{"background-color":"var(--ast-global-color-5)","background-image":"","background-repeat":"repeat","background-position":"center center","background-size":"auto","background-attachment":"scroll","background-type":"","background-media":"","overlay-type":"","overlay-color":"","overlay-opacity":"","overlay-gradient":""}},"_joinchat":[],"footnotes":""},"class_list":["post-3614","page","type-page","status-publish","hentry"],"_links":{"self":[{"href":"https:\/\/consultoriakronos.com.br\/index.php\/wp-json\/wp\/v2\/pages\/3614","targetHints":{"allow":["GET"]}}],"collection":[{"href":"https:\/\/consultoriakronos.com.br\/index.php\/wp-json\/wp\/v2\/pages"}],"about":[{"href":"https:\/\/consultoriakronos.com.br\/index.php\/wp-json\/wp\/v2\/types\/page"}],"author":[{"embeddable":true,"href":"https:\/\/consultoriakronos.com.br\/index.php\/wp-json\/wp\/v2\/users\/1"}],"replies":[{"embeddable":true,"href":"https:\/\/consultoriakronos.com.br\/index.php\/wp-json\/wp\/v2\/comments?post=3614"}],"version-history":[{"count":88,"href":"https:\/\/consultoriakronos.com.br\/index.php\/wp-json\/wp\/v2\/pages\/3614\/revisions"}],"predecessor-version":[{"id":5040,"href":"https:\/\/consultoriakronos.com.br\/index.php\/wp-json\/wp\/v2\/pages\/3614\/revisions\/5040"}],"wp:attachment":[{"href":"https:\/\/consultoriakronos.com.br\/index.php\/wp-json\/wp\/v2\/media?parent=3614"}],"curies":[{"name":"wp","href":"https:\/\/api.w.org\/{rel}","templated":true}]}}